{"id":89,"date":"2023-01-08T15:46:39","date_gmt":"2023-01-08T13:46:39","guid":{"rendered":"http:\/\/sanft-beruehrt.ch\/?page_id=89"},"modified":"2024-01-08T23:01:06","modified_gmt":"2024-01-08T21:01:06","slug":"willkommen","status":"publish","type":"page","link":"https:\/\/sanft-beruehrt.ch\/","title":{"rendered":"Herzlich willkommen bei &#8222;sanft ber\u00fchrt&#8220;"},"content":{"rendered":"\n<p>Ich besuche Sie nach Absprache gerne zu Hause oder der Institution in welcher sie wohnen.<\/p>\n\n\n\n<p>Mein Angebot umfasst komplement\u00e4re Begleitung am Lebensende, richtet sich also auch an Personen in palliativen Situationen.<\/p>\n\n\n\n<p>Bis zur EMR Anerkennung bel\u00e4uft sich der Stundentarif auf 40Fr.<\/p>\n\n\n\n<p>Ich gebe keine Heilungsversprechen und stelle keine Diagnosen. Eine Behandlung bei mir ersetzt keine Arztkonsultation.<\/p>\n\n\n\n<h2 class=\"wp-block-heading\">Fussreflexzonentherapie<\/h2>\n\n\n\n<p>Es wird an den Reflexzonen des Fusses gearbeitet, einem sogenannten Mikrosystem welches in wechselwirksamer Beziehung mit dem Makrosystem der ganzen Person steht.<\/p>\n\n\n\n<p>Fussrefelxzonentherapie wird zur Gruppe der Komplement\u00e4rmethoden gez\u00e4hlt. Es ist eine regulierende Therapieform, die den Menschen in allen Ebenen anspricht und ordnet, gem\u00e4ss seinen regenerativen M\u00f6glichkeiten.<\/p>\n\n\n\n<p>Symptome werden nicht bek\u00e4mpft oder unterdr\u00fcckt, sondern der K\u00f6rper wird in seiner Selbstheilung unterst\u00fctzt.<\/p>\n\n\n\n<p>Die Methode vermittelt mit ihrer manuellen Form das wichtige \u201eMedikament\u201c die Ber\u00fchrung.<\/p>\n\n\n\n<figure class=\"wp-block-image size-large\"><img loading=\"lazy\" decoding=\"async\" width=\"683\" height=\"1024\" src=\"https:\/\/sanft-beruehrt.ch\/wp-content\/uploads\/2023\/02\/offer_sq2-683x1024.jpg\" alt=\"\" class=\"wp-image-257\" srcset=\"https:\/\/sanft-beruehrt.ch\/wp-content\/uploads\/2023\/02\/offer_sq2-683x1024.jpg 683w, https:\/\/sanft-beruehrt.ch\/wp-content\/uploads\/2023\/02\/offer_sq2-200x300.jpg 200w, https:\/\/sanft-beruehrt.ch\/wp-content\/uploads\/2023\/02\/offer_sq2-768x1152.jpg 768w, https:\/\/sanft-beruehrt.ch\/wp-content\/uploads\/2023\/02\/offer_sq2-1024x1536.jpg 1024w, https:\/\/sanft-beruehrt.ch\/wp-content\/uploads\/2023\/02\/offer_sq2.jpg 1182w\" sizes=\"(max-width: 683px) 100vw, 683px\" \/><\/figure>\n\n\n\n<p><strong>Anwendungsgebiet:<\/strong><\/p>\n\n\n\n<p>Die Fussreflexzonentherapie ben\u00f6tigt keine Medikamente oder Ger\u00e4te sie kann eigenst\u00e4ndig oder unterst\u00fctzend mit anderen Methoden der Komplement\u00e4rmedizin und der Schulmedizin angewendet werden. In folgenden Bereichen, kann Fussrefelxzonentherapie eine Linderung oder Verbesserung der Symptome erzielen:<\/p>\n\n\n\n<ul>\n<li>Statisch-muskul\u00e4re Belastungen (Haltungssch\u00e4den, Zervikal- oder Lumbalsyndorm, muskul\u00e4re Verspannungen, Bewegungseinschr\u00e4nkungen der Gelenke)<\/li>\n\n\n\n<li>Kopfschmerzen verschiedener Art und Genese<\/li>\n\n\n\n<li>Erkrankungen der harnableitenden Organe (Reizblase, Anf\u00e4lligkeit f\u00fcr Blasenentz\u00fcndungen,&nbsp; Nierengriess)<\/li>\n\n\n\n<li>Verdauungsbeschwerden<\/li>\n\n\n\n<li>Akute und chronische Erk\u00e4ltung (Allergien, Atemweginfekt, allgemeine Schw\u00e4che des Immunsystems)<\/li>\n\n\n\n<li>Belastung im lymphatischen System, Stauungen nach Operationen, \u00d6deme in Armen und Beinen u.a.m<\/li>\n\n\n\n<li>Schlafst\u00f6rungen und Unruhezust\u00e4nde, emotionale Unausgeglichenheit und Nervosit\u00e4t<\/li>\n\n\n\n<li>Bei physiologischer Schwangerschaft ab 4. Schwangerschaftsmonat (Verdauungsbeschwerden, R\u00fcckenschmerzen, \u00d6demen, Geburtsvorbereitung)<\/li>\n\n\n\n<li>Zur Operationsvorbereitung und Nachsorge<\/li>\n\n\n\n<li>Unterst\u00fctzende und begleitende Therapie in Palliativen Situationen<\/li>\n<\/ul>\n\n\n\n<p><strong>Ablauf:<\/strong><\/p>\n\n\n\n<p>Nach einem Anamnesegespr\u00e4ch, wird ein Erstbefund den F\u00fcsse erstellt und alle behandlungsbed\u00fcrftigen Zonen erfasst, anschliessend beginnt die Behandlung.<\/p>\n\n\n\n<p>Bei allen Folgebehandlungen erfolgt eine kurze \u00dcberpr\u00fcfung der erfassten Zonen worauf dann die entsprechende Behandlung erfolgt. Das Nachruhen von sicherlich 10 Minuten sollte eingehalten werden um die Behandlung ausklingen zu lassen und damit die gesetzten Impulse bis in die Tiefe zur Wirkung kommen.<\/p>\n\n\n\n<h2 class=\"wp-block-heading\">Palliative Situationen<\/h2>\n\n\n\n<p>Es erf\u00fcllt mich jedes Mal aufs Neue, einen Menschen in seiner letzten Lebensphase begleiten zu d\u00fcrfen. Ich sehe es als grosses Privileg, in dieser herausfordernden Zeit ein St\u00fcck an seiner Seite zu gehen und es macht mich dem\u00fctig.<\/p>\n\n\n\n<p>Menschen ben\u00f6tigen auf ihrem letzten Weg Unterst\u00fctzung, die Bereitschaft zuzuh\u00f6ren, Zuspruch und unser stilles &#8222;Da-Sein&#8220;. Gemeinsam ist es etwas leichter diesen Weg zu gehen.<\/p>\n\n\n\n<p><em><strong>\u201eWir m\u00fcssen nicht perfekt sein, wir m\u00fcssen einfach nur da sein.\u201c<\/strong> <\/em><br><em>Joan Halifax<\/em><\/p>\n\n\n\n<figure class=\"wp-block-image size-large\"><img loading=\"lazy\" decoding=\"async\" width=\"1024\" height=\"659\" src=\"https:\/\/sanft-beruehrt.ch\/wp-content\/uploads\/2023\/02\/prep_MG_0208_sw-1024x659.jpg\" alt=\"\" class=\"wp-image-254\" srcset=\"https:\/\/sanft-beruehrt.ch\/wp-content\/uploads\/2023\/02\/prep_MG_0208_sw-1024x659.jpg 1024w, https:\/\/sanft-beruehrt.ch\/wp-content\/uploads\/2023\/02\/prep_MG_0208_sw-300x193.jpg 300w, https:\/\/sanft-beruehrt.ch\/wp-content\/uploads\/2023\/02\/prep_MG_0208_sw-768x494.jpg 768w, https:\/\/sanft-beruehrt.ch\/wp-content\/uploads\/2023\/02\/prep_MG_0208_sw-1536x988.jpg 1536w, https:\/\/sanft-beruehrt.ch\/wp-content\/uploads\/2023\/02\/prep_MG_0208_sw.jpg 1805w\" sizes=\"(max-width: 1024px) 100vw, 1024px\" \/><\/figure>\n\n\n\n<p>Ist die Heilung einer lebenslimitierenden Krankheit ausgeschlossen kommt die Palliative Medizin zum Einsatz. In dieser Phase geht es prim\u00e4r darum Leid zu lindern und die bestm\u00f6gliche Lebensqualit\u00e4t zu gew\u00e4hrleisten. Dem Betroffenen und seinen Angeh\u00f6rigen soll ein guter Abschluss f\u00fcr ein unumst\u00f6ssliches, schweres Schicksal erm\u00f6glicht werden.<\/p>\n\n\n\n<p>Dazu ben\u00f6tigt es ein interdisziplin\u00e4res Team wie \u00c4rzte, Pflegende, Physiotherapeuten, Seelsorger, Freiwilligenhelfer und weitere.<\/p>\n\n\n\n<p>Es erf\u00fcllt mich sehr, wenn ich mit meiner beruflichen Erfahrung zusammen mit dem komplement\u00e4rmedizinischen Hintergrund einen Beitrag f\u00fcr Menschen in Palliativen Situationen zur Linderung von belastenden Symptomen leisten kann.<\/p>\n\n\n\n<p><strong><em>\u201eAuch wenn keine Verbesserung des Gesamtzustandes zu erwarten ist, tut diese Art der nicht invasiven, zwischenmenschlichen Ber\u00fchrung gut. Welche Stelle w\u00e4re besser geeignet zur Begleitung von diesem in ein anderes Leben als die F\u00fcsse, mit denen der Mensch bisher ganz real durch sein Leben gegangen ist?\u201c<\/em><\/strong><br>Hanne Marquardt, Lehrbuch Reflexzonentherapie am Fuss<\/p>\n\n\n\n<p>Bei folgenden Symptomen kann Fussreflexzonentherapie zu einer Linderung von belastenden Symptomen beitragen:<\/p>\n\n\n\n<ul>\n<li>Schmerzen<\/li>\n\n\n\n<li>Belastete Atmung<\/li>\n\n\n\n<li>Verdauungsbeschwerden (\u00dcbelkeit, Verstopfung, Durchfall)<\/li>\n\n\n\n<li>Wassereinlagerungen (\u00d6deme) in Beinen, Armen, Bauchraum<\/li>\n\n\n\n<li>Unruhe\/ Schlafprobleme<\/li>\n<\/ul>\n\n\n\n<p>Gerne instruiere ich auch Angeh\u00f6rige in einzelnen Griffen, die sie dann jederzeit selbstst\u00e4ndig anwenden k\u00f6nnen. <\/p>\n\n\n\n<p><strong><em>\u201eDas Wenige, das du tun kannst, ist viel\u201c <br><\/em><\/strong>Albert Schweitzer<\/p>\n\n\n\n<hr class=\"wp-block-separator has-alpha-channel-opacity\"\/>\n\n\n\n<p><strong>F\u00fcr die Behandlung und in den Ausf\u00fchrungen st\u00fctze ich mich auf folgende Quellen ab:<\/strong><\/p>\n\n\n\n<ul>\n<li>Hanne Marquardt, Lehrbuch Reflexzonentherapie am Fuss, 8.Auflage<\/li>\n\n\n\n<li>Hanna Huber, \u2026.darf ich deine F\u00fcsse ber\u00fchren? Liebevolle Ber\u00fchrung und ruhige Pr\u00e4senz am Lebensende, Palliative Care angewandt, Band 1<\/li>\n\n\n\n<li>Beatrix Otto, Schr\u00f6pfen, Grundlagen-Indikationen-Therapie, 1. Auflage<\/li>\n\n\n\n<li>Hans H\u00f6ting, Die Moxa Therapie, W\u00e4rmepunktur-Eine klassische chinesische Heilmethode, 7.Auflage<\/li>\n<\/ul>\n\n\n\n<div style=\"height:100px\" aria-hidden=\"true\" class=\"wp-block-spacer\"><\/div>\n","protected":false},"excerpt":{"rendered":"<p>Ich besuche Sie nach Absprache gerne zu Hause oder der Institution in welcher sie wohnen. Mein Angebot umfasst komplement\u00e4re Begleitung am Lebensende, richtet sich also auch an Personen in palliativen Situationen. Bis zur EMR Anerkennung bel\u00e4uft sich der Stundentarif auf 40Fr. Ich gebe keine Heilungsversprechen und stelle keine Diagnosen. Eine Behandlung bei mir ersetzt keine [&hellip;]<\/p>\n","protected":false},"author":1,"featured_media":243,"parent":0,"menu_order":0,"comment_status":"closed","ping_status":"closed","template":"","meta":{"footnotes":""},"_links":{"self":[{"href":"https:\/\/sanft-beruehrt.ch\/index.php?rest_route=\/wp\/v2\/pages\/89"}],"collection":[{"href":"https:\/\/sanft-beruehrt.ch\/index.php?rest_route=\/wp\/v2\/pages"}],"about":[{"href":"https:\/\/sanft-beruehrt.ch\/index.php?rest_route=\/wp\/v2\/types\/page"}],"author":[{"embeddable":true,"href":"https:\/\/sanft-beruehrt.ch\/index.php?rest_route=\/wp\/v2\/users\/1"}],"replies":[{"embeddable":true,"href":"https:\/\/sanft-beruehrt.ch\/index.php?rest_route=%2Fwp%2Fv2%2Fcomments&post=89"}],"version-history":[{"count":19,"href":"https:\/\/sanft-beruehrt.ch\/index.php?rest_route=\/wp\/v2\/pages\/89\/revisions"}],"predecessor-version":[{"id":309,"href":"https:\/\/sanft-beruehrt.ch\/index.php?rest_route=\/wp\/v2\/pages\/89\/revisions\/309"}],"wp:featuredmedia":[{"embeddable":true,"href":"https:\/\/sanft-beruehrt.ch\/index.php?rest_route=\/wp\/v2\/media\/243"}],"wp:attachment":[{"href":"https:\/\/sanft-beruehrt.ch\/index.php?rest_route=%2Fwp%2Fv2%2Fmedia&parent=89"}],"curies":[{"name":"wp","href":"https:\/\/api.w.org\/{rel}","templated":true}]}}